{"id":190,"date":"2013-07-22T15:20:43","date_gmt":"2013-07-22T15:20:43","guid":{"rendered":"http:\/\/www.ifchc.org\/?page_id=190"},"modified":"2017-11-13T16:34:11","modified_gmt":"2017-11-13T16:34:11","slug":"a-propos-de-ficsc","status":"publish","type":"page","link":"https:\/\/www.ifchc.org\/fr\/","title":{"rendered":"\u00c0 propos de FICSC"},"content":{"rendered":"<p>[cs_content][cs_section bg_image=&#8221;http:\/\/www.ifchc.org\/wp-content\/uploads\/2016\/01\/Slide_doc_patients.jpg&#8221; parallax=&#8221;false&#8221; separator_top_type=&#8221;none&#8221; separator_top_height=&#8221;50px&#8221; separator_top_angle_point=&#8221;50&#8243; separator_bottom_type=&#8221;none&#8221; separator_bottom_height=&#8221;50px&#8221; separator_bottom_angle_point=&#8221;50&#8243; style=&#8221;margin: 0px;padding: 45px 0px;&#8221;][cs_row inner_container=&#8221;true&#8221; marginless_columns=&#8221;false&#8221; style=&#8221;margin: 0px auto;padding: 0px;&#8221;][cs_column fade=&#8221;false&#8221; fade_animation=&#8221;in&#8221; fade_animation_offset=&#8221;45px&#8221; fade_duration=&#8221;750&#8243; type=&#8221;1\/1&#8243; style=&#8221;padding: 0px;&#8221;][x_gap size=&#8221;150px&#8221;][\/cs_column][\/cs_row][cs_row inner_container=&#8221;true&#8221; marginless_columns=&#8221;false&#8221; style=&#8221;margin: 0px auto;padding: 0px;&#8221;][cs_column fade=&#8221;false&#8221; fade_animation=&#8221;in&#8221; fade_animation_offset=&#8221;45px&#8221; fade_duration=&#8221;750&#8243; type=&#8221;1\/5&#8243; style=&#8221;padding: 0px;&#8221;]&nbsp;[\/cs_column][cs_column bg_color=&#8221;hsla(0, 0%, 0%, 0.56)&#8221; fade=&#8221;false&#8221; fade_animation=&#8221;in&#8221; fade_animation_offset=&#8221;45px&#8221; fade_duration=&#8221;750&#8243; type=&#8221;3\/5&#8243; style=&#8221;padding: 0px 20px 30px;&#8221;][x_custom_headline level=&#8221;h2&#8243; looks_like=&#8221;h3&#8243; accent=&#8221;false&#8221; class=&#8221;cs-ta-center&#8221; style=&#8221;color: hsl(0, 0%, 100%);&#8221;]La FICSC fait progresser l&#8217;acc\u00e8s aux centres de sant\u00e9 communautaire \u00e0 l&#8217;\u00e9chelle mondiale[\/x_custom_headline][\/cs_column][cs_column fade=&#8221;false&#8221; fade_animation=&#8221;in&#8221; fade_animation_offset=&#8221;45px&#8221; fade_duration=&#8221;750&#8243; type=&#8221;1\/5&#8243; style=&#8221;padding: 0px;&#8221;]&nbsp;[\/cs_column][\/cs_row][cs_row inner_container=&#8221;true&#8221; marginless_columns=&#8221;false&#8221; style=&#8221;margin: 0px auto;padding: 0px;&#8221;][cs_column fade=&#8221;false&#8221; fade_animation=&#8221;in&#8221; fade_animation_offset=&#8221;45px&#8221; fade_duration=&#8221;750&#8243; type=&#8221;1\/3&#8243; style=&#8221;padding: 0px;&#8221;]&nbsp;[\/cs_column][cs_column fade=&#8221;false&#8221; fade_animation=&#8221;in&#8221; fade_animation_offset=&#8221;45px&#8221; fade_duration=&#8221;750&#8243; type=&#8221;1\/3&#8243; style=&#8221;padding: 0px;&#8221;][cs_alert heading=&#8221;Site fran\u00e7ais en cours de d\u00e9veloppement&#8221; type=&#8221;info&#8221; close=&#8221;true&#8221;]Nous vous invitons \u00e0 revenir \u00e0 la version fran\u00e7aise du site web au cours des prochains mois car d&#8217;autres am\u00e9liorations seront apport\u00e9es.[\/cs_alert][x_gap size=&#8221;150px&#8221;][\/cs_column][cs_column fade=&#8221;false&#8221; fade_animation=&#8221;in&#8221; fade_animation_offset=&#8221;45px&#8221; fade_duration=&#8221;750&#8243; type=&#8221;1\/3&#8243; style=&#8221;padding: 0px;&#8221;]&nbsp;[\/cs_column][\/cs_row][\/cs_section][\/cs_content]<\/p>\n","protected":false},"excerpt":{"rendered":"<p>[cs_content][cs_section bg_image=&#8221;http:\/\/www.ifchc.org\/wp-content\/uploads\/2016\/01\/Slide_doc_patients.jpg&#8221; parallax=&#8221;false&#8221; separator_top_type=&#8221;none&#8221; separator_top_height=&#8221;50px&#8221; separator_top_angle_point=&#8221;50&#8243; separator_bottom_type=&#8221;none&#8221; separator_bottom_height=&#8221;50px&#8221; separator_bottom_angle_point=&#8221;50&#8243; style=&#8221;margin: 0px;padding: 45px 0px;&#8221;][cs_row inner_container=&#8221;true&#8221; marginless_columns=&#8221;false&#8221; style=&#8221;margin: 0px auto;padding: 0px;&#8221;][cs_column fade=&#8221;false&#8221; fade_animation=&#8221;in&#8221; fade_animation_offset=&#8221;45px&#8221; fade_duration=&#8221;750&#8243; type=&#8221;1\/1&#8243; style=&#8221;padding: 0px;&#8221;][x_gap size=&#8221;150px&#8221;][\/cs_column][\/cs_row][cs_row inner_container=&#8221;true&#8221; marginless_columns=&#8221;false&#8221; style=&#8221;margin: 0px auto;padding: 0px;&#8221;][cs_column fade=&#8221;false&#8221; fade_animation=&#8221;in&#8221; fade_animation_offset=&#8221;45px&#8221; fade_duration=&#8221;750&#8243; type=&#8221;1\/5&#8243; style=&#8221;padding: 0px;&#8221;]&nbsp;[\/cs_column][cs_column bg_color=&#8221;hsla(0, 0%, 0%, 0.56)&#8221; fade=&#8221;false&#8221; fade_animation=&#8221;in&#8221; fade_animation_offset=&#8221;45px&#8221; fade_duration=&#8221;750&#8243; type=&#8221;3\/5&#8243; style=&#8221;padding: 0px 20px 30px;&#8221;][x_custom_headline level=&#8221;h2&#8243; looks_like=&#8221;h3&#8243; accent=&#8221;false&#8221; class=&#8221;cs-ta-center&#8221; style=&#8221;color: hsl(0, 0%, [&hellip;]<\/p>\n","protected":false},"author":1,"featured_media":0,"parent":0,"menu_order":0,"comment_status":"closed","ping_status":"closed","template":"page-templates\/full-width.php","meta":{"_bbp_topic_count":0,"_bbp_reply_count":0,"_bbp_total_topic_count":0,"_bbp_total_reply_count":0,"_bbp_voice_count":0,"_bbp_anonymous_reply_count":0,"_bbp_topic_count_hidden":0,"_bbp_reply_count_hidden":0,"_bbp_forum_subforum_count":0,"footnotes":""},"class_list":["post-190","page","type-page","status-publish","hentry"],"yoast_head":"<!-- This site is optimized with the Yoast SEO plugin v26.9 - https:\/\/yoast.com\/product\/yoast-seo-wordpress\/ -->\n<title>\u00c0 propos de FICSC - IFCHC<\/title>\n<meta name=\"robots\" content=\"index, follow, max-snippet:-1, max-image-preview:large, max-video-preview:-1\" \/>\n<link rel=\"canonical\" href=\"https:\/\/www.ifchc.org\/fr\/\" \/>\n<meta property=\"og:locale\" content=\"fr_FR\" \/>\n<meta property=\"og:type\" content=\"article\" \/>\n<meta property=\"og:title\" content=\"\u00c0 propos de FICSC - IFCHC\" \/>\n<meta property=\"og:description\" content=\"[cs_content][cs_section bg_image=&#8221;http:\/\/www.ifchc.org\/wp-content\/uploads\/2016\/01\/Slide_doc_patients.jpg&#8221; parallax=&#8221;false&#8221; separator_top_type=&#8221;none&#8221; separator_top_height=&#8221;50px&#8221; separator_top_angle_point=&#8221;50&#8243; separator_bottom_type=&#8221;none&#8221; separator_bottom_height=&#8221;50px&#8221; separator_bottom_angle_point=&#8221;50&#8243; style=&#8221;margin: 0px;padding: 45px 0px;&#8221;][cs_row inner_container=&#8221;true&#8221; marginless_columns=&#8221;false&#8221; style=&#8221;margin: 0px auto;padding: 0px;&#8221;][cs_column fade=&#8221;false&#8221; fade_animation=&#8221;in&#8221; fade_animation_offset=&#8221;45px&#8221; fade_duration=&#8221;750&#8243; type=&#8221;1\/1&#8243; style=&#8221;padding: 0px;&#8221;][x_gap size=&#8221;150px&#8221;][\/cs_column][\/cs_row][cs_row inner_container=&#8221;true&#8221; marginless_columns=&#8221;false&#8221; style=&#8221;margin: 0px auto;padding: 0px;&#8221;][cs_column fade=&#8221;false&#8221; fade_animation=&#8221;in&#8221; fade_animation_offset=&#8221;45px&#8221; fade_duration=&#8221;750&#8243; type=&#8221;1\/5&#8243; style=&#8221;padding: 0px;&#8221;]&nbsp;[\/cs_column][cs_column bg_color=&#8221;hsla(0, 0%, 0%, 0.56)&#8221; fade=&#8221;false&#8221; fade_animation=&#8221;in&#8221; fade_animation_offset=&#8221;45px&#8221; fade_duration=&#8221;750&#8243; type=&#8221;3\/5&#8243; style=&#8221;padding: 0px 20px 30px;&#8221;][x_custom_headline level=&#8221;h2&#8243; looks_like=&#8221;h3&#8243; accent=&#8221;false&#8221; class=&#8221;cs-ta-center&#8221; style=&#8221;color: hsl(0, 0%, [&hellip;]\" \/>\n<meta property=\"og:url\" content=\"https:\/\/www.ifchc.org\/fr\/\" \/>\n<meta property=\"og:site_name\" content=\"IFCHC\" \/>\n<meta property=\"article:modified_time\" content=\"2017-11-13T16:34:11+00:00\" \/>\n<meta name=\"twitter:card\" content=\"summary_large_image\" \/>\n<meta name=\"twitter:label1\" content=\"Dur\u00e9e de lecture estim\u00e9e\" \/>\n\t<meta name=\"twitter:data1\" content=\"2 minutes\" \/>\n<script type=\"application\/ld+json\" class=\"yoast-schema-graph\">{\"@context\":\"https:\/\/schema.org\",\"@graph\":[{\"@type\":\"WebPage\",\"@id\":\"https:\/\/www.ifchc.org\/fr\/\",\"url\":\"https:\/\/www.ifchc.org\/fr\/\",\"name\":\"\u00c0 propos de FICSC - IFCHC\",\"isPartOf\":{\"@id\":\"https:\/\/www.ifchc.org\/#website\"},\"datePublished\":\"2013-07-22T15:20:43+00:00\",\"dateModified\":\"2017-11-13T16:34:11+00:00\",\"breadcrumb\":{\"@id\":\"https:\/\/www.ifchc.org\/fr\/#breadcrumb\"},\"inLanguage\":\"fr-FR\",\"potentialAction\":[{\"@type\":\"ReadAction\",\"target\":[\"https:\/\/www.ifchc.org\/fr\/\"]}]},{\"@type\":\"BreadcrumbList\",\"@id\":\"https:\/\/www.ifchc.org\/fr\/#breadcrumb\",\"itemListElement\":[{\"@type\":\"ListItem\",\"position\":1,\"name\":\"Home\",\"item\":\"https:\/\/www.ifchc.org\/fr\/\"},{\"@type\":\"ListItem\",\"position\":2,\"name\":\"\u00c0 propos de FICSC\"}]},{\"@type\":\"WebSite\",\"@id\":\"https:\/\/www.ifchc.org\/#website\",\"url\":\"https:\/\/www.ifchc.org\/\",\"name\":\"IFCHC\",\"description\":\"International Federation of Community Health Centres\",\"potentialAction\":[{\"@type\":\"SearchAction\",\"target\":{\"@type\":\"EntryPoint\",\"urlTemplate\":\"https:\/\/www.ifchc.org\/?s={search_term_string}\"},\"query-input\":{\"@type\":\"PropertyValueSpecification\",\"valueRequired\":true,\"valueName\":\"search_term_string\"}}],\"inLanguage\":\"fr-FR\"}]}<\/script>\n<!-- \/ Yoast SEO plugin. -->","yoast_head_json":{"title":"\u00c0 propos de FICSC - IFCHC","robots":{"index":"index","follow":"follow","max-snippet":"max-snippet:-1","max-image-preview":"max-image-preview:large","max-video-preview":"max-video-preview:-1"},"canonical":"https:\/\/www.ifchc.org\/fr\/","og_locale":"fr_FR","og_type":"article","og_title":"\u00c0 propos de FICSC - IFCHC","og_description":"[cs_content][cs_section bg_image=&#8221;http:\/\/www.ifchc.org\/wp-content\/uploads\/2016\/01\/Slide_doc_patients.jpg&#8221; parallax=&#8221;false&#8221; separator_top_type=&#8221;none&#8221; separator_top_height=&#8221;50px&#8221; separator_top_angle_point=&#8221;50&#8243; separator_bottom_type=&#8221;none&#8221; separator_bottom_height=&#8221;50px&#8221; separator_bottom_angle_point=&#8221;50&#8243; style=&#8221;margin: 0px;padding: 45px 0px;&#8221;][cs_row inner_container=&#8221;true&#8221; marginless_columns=&#8221;false&#8221; style=&#8221;margin: 0px auto;padding: 0px;&#8221;][cs_column fade=&#8221;false&#8221; fade_animation=&#8221;in&#8221; fade_animation_offset=&#8221;45px&#8221; fade_duration=&#8221;750&#8243; type=&#8221;1\/1&#8243; style=&#8221;padding: 0px;&#8221;][x_gap size=&#8221;150px&#8221;][\/cs_column][\/cs_row][cs_row inner_container=&#8221;true&#8221; marginless_columns=&#8221;false&#8221; style=&#8221;margin: 0px auto;padding: 0px;&#8221;][cs_column fade=&#8221;false&#8221; fade_animation=&#8221;in&#8221; fade_animation_offset=&#8221;45px&#8221; fade_duration=&#8221;750&#8243; type=&#8221;1\/5&#8243; style=&#8221;padding: 0px;&#8221;]&nbsp;[\/cs_column][cs_column bg_color=&#8221;hsla(0, 0%, 0%, 0.56)&#8221; fade=&#8221;false&#8221; fade_animation=&#8221;in&#8221; fade_animation_offset=&#8221;45px&#8221; fade_duration=&#8221;750&#8243; type=&#8221;3\/5&#8243; style=&#8221;padding: 0px 20px 30px;&#8221;][x_custom_headline level=&#8221;h2&#8243; looks_like=&#8221;h3&#8243; accent=&#8221;false&#8221; class=&#8221;cs-ta-center&#8221; style=&#8221;color: hsl(0, 0%, [&hellip;]","og_url":"https:\/\/www.ifchc.org\/fr\/","og_site_name":"IFCHC","article_modified_time":"2017-11-13T16:34:11+00:00","twitter_card":"summary_large_image","twitter_misc":{"Dur\u00e9e de lecture estim\u00e9e":"2 minutes"},"schema":{"@context":"https:\/\/schema.org","@graph":[{"@type":"WebPage","@id":"https:\/\/www.ifchc.org\/fr\/","url":"https:\/\/www.ifchc.org\/fr\/","name":"\u00c0 propos de FICSC - IFCHC","isPartOf":{"@id":"https:\/\/www.ifchc.org\/#website"},"datePublished":"2013-07-22T15:20:43+00:00","dateModified":"2017-11-13T16:34:11+00:00","breadcrumb":{"@id":"https:\/\/www.ifchc.org\/fr\/#breadcrumb"},"inLanguage":"fr-FR","potentialAction":[{"@type":"ReadAction","target":["https:\/\/www.ifchc.org\/fr\/"]}]},{"@type":"BreadcrumbList","@id":"https:\/\/www.ifchc.org\/fr\/#breadcrumb","itemListElement":[{"@type":"ListItem","position":1,"name":"Home","item":"https:\/\/www.ifchc.org\/fr\/"},{"@type":"ListItem","position":2,"name":"\u00c0 propos de FICSC"}]},{"@type":"WebSite","@id":"https:\/\/www.ifchc.org\/#website","url":"https:\/\/www.ifchc.org\/","name":"IFCHC","description":"International Federation of Community Health Centres","potentialAction":[{"@type":"SearchAction","target":{"@type":"EntryPoint","urlTemplate":"https:\/\/www.ifchc.org\/?s={search_term_string}"},"query-input":{"@type":"PropertyValueSpecification","valueRequired":true,"valueName":"search_term_string"}}],"inLanguage":"fr-FR"}]}},"_links":{"self":[{"href":"https:\/\/www.ifchc.org\/fr\/wp-json\/wp\/v2\/pages\/190","targetHints":{"allow":["GET"]}}],"collection":[{"href":"https:\/\/www.ifchc.org\/fr\/wp-json\/wp\/v2\/pages"}],"about":[{"href":"https:\/\/www.ifchc.org\/fr\/wp-json\/wp\/v2\/types\/page"}],"author":[{"embeddable":true,"href":"https:\/\/www.ifchc.org\/fr\/wp-json\/wp\/v2\/users\/1"}],"replies":[{"embeddable":true,"href":"https:\/\/www.ifchc.org\/fr\/wp-json\/wp\/v2\/comments?post=190"}],"version-history":[{"count":0,"href":"https:\/\/www.ifchc.org\/fr\/wp-json\/wp\/v2\/pages\/190\/revisions"}],"wp:attachment":[{"href":"https:\/\/www.ifchc.org\/fr\/wp-json\/wp\/v2\/media?parent=190"}],"curies":[{"name":"wp","href":"https:\/\/api.w.org\/{rel}","templated":true}]}}