{"id":187,"date":"2013-07-22T15:19:51","date_gmt":"2013-07-22T15:19:51","guid":{"rendered":"http:\/\/www.ifchc.org\/?page_id=187"},"modified":"2017-11-20T15:08:29","modified_gmt":"2017-11-20T15:08:29","slug":"que-sont-les-csc","status":"publish","type":"page","link":"https:\/\/www.ifchc.org\/fr\/que-sont-les-csc\/","title":{"rendered":"Que sont les CSC?"},"content":{"rendered":"<p>[cs_content][cs_element_section _id=&#8221;1&#8243;][cs_element_row _id=&#8221;2&#8243;][cs_element_column _id=&#8221;3&#8243;]&nbsp;[\/cs_element_column][cs_element_column _id=&#8221;4&#8243;][cs_element_text _id=&#8221;5&#8243;][\/cs_element_column][cs_element_column _id=&#8221;6&#8243;]&nbsp;[\/cs_element_column][\/cs_element_row][\/cs_element_section][cs_element_section _id=&#8221;10&#8243;][cs_element_row _id=&#8221;11&#8243;][cs_element_column _id=&#8221;12&#8243;][x_feature_headline level=&#8221;h2&#8243; looks_like=&#8221;h1&#8243; icon=&#8221;check-square&#8221; icon_color=&#8221;hsl(245, 84%, 29%)&#8221; icon_bg_color=&#8221;hsl(0, 0%, 100%)&#8221; class=&#8221;cs-ta-center&#8221;][\/x_feature_headline][\/cs_element_column][cs_element_column _id=&#8221;14&#8243;][x_feature_headline level=&#8221;h2&#8243; looks_like=&#8221;h1&#8243; icon=&#8221;check-square&#8221; icon_color=&#8221;hsl(245, 84%, 29%)&#8221; icon_bg_color=&#8221;hsl(0, 0%, 100%)&#8221; class=&#8221;cs-ta-center&#8221;][\/x_feature_headline][\/cs_element_column][cs_element_column _id=&#8221;16&#8243;][x_feature_headline level=&#8221;h2&#8243; looks_like=&#8221;h1&#8243; icon=&#8221;check-square&#8221; icon_color=&#8221;hsl(245, 84%, 29%)&#8221; icon_bg_color=&#8221;hsl(0, 0%, 100%)&#8221; class=&#8221;cs-ta-center&#8221;][\/x_feature_headline][\/cs_element_column][\/cs_element_row][cs_element_row _id=&#8221;21&#8243;][cs_element_column _id=&#8221;22&#8243;][cs_text _order=&#8221;0&#8243;]<\/p>\n<h5 style=\"text-align: justify;\"><span style=\"color: #000000;\">Les centres de sant\u00e9 communautaire offrent des soins de sant\u00e9 primaires complets gr\u00e2ce \u00e0 une \u00e9quipe interprofessionnelle qui int\u00e8gre les services de soins primaires, les programmes de promotion de la sant\u00e9 et les programmes de sant\u00e9 de la population et de la communaut\u00e9.<\/span><\/h5>\n<p>[\/cs_text][\/cs_element_column][cs_element_column _id=&#8221;24&#8243;][cs_text _order=&#8221;0&#8243;]<\/p>\n<h5 style=\"text-align: justify;\"><span style=\"color: #000000;\">Les centres de sant\u00e9 communautaire int\u00e8grent, dans leurs activit\u00e9s quotidiennes, l&#8217;attention aux causes plus larges de la maladie (les d\u00e9terminants sociaux de la sant\u00e9) en les abordant par le biais des services intersectoriels et de la coop\u00e9ration communautaire.<\/span><\/h5>\n<p>[\/cs_text][\/cs_element_column][cs_element_column _id=&#8221;26&#8243;][cs_text _order=&#8221;0&#8243;]<\/p>\n<h5 style=\"text-align: justify;\"><span style=\"color: #000000;\">Les centres de sant\u00e9 communautaire mettent fortement l&#8217;accent sur l&#8217;engagement communautaire et la participation civique dans les mati\u00e8res de la sant\u00e9 et les soins de sant\u00e9, ce qui implique souvent la participation des membres de la communaut\u00e9 locale \u00e0 la gouvernance du centre de sant\u00e9 local.<\/span><\/h5>\n<p>[\/cs_text][\/cs_element_column][\/cs_element_row][cs_element_row _id=&#8221;31&#8243;][cs_element_column _id=&#8221;32&#8243;][x_feature_headline level=&#8221;h2&#8243; looks_like=&#8221;h1&#8243; icon=&#8221;check-square&#8221; icon_color=&#8221;hsl(245, 84%, 29%)&#8221; icon_bg_color=&#8221;hsl(0, 0%, 100%)&#8221; class=&#8221;cs-ta-center&#8221;][\/x_feature_headline][\/cs_element_column][cs_element_column _id=&#8221;34&#8243;][x_feature_headline level=&#8221;h2&#8243; looks_like=&#8221;h1&#8243; icon=&#8221;check-square&#8221; icon_color=&#8221;hsl(245, 84%, 29%)&#8221; icon_bg_color=&#8221;hsl(0, 0%, 100%)&#8221; class=&#8221;cs-ta-center&#8221;][\/x_feature_headline][\/cs_element_column][cs_element_column _id=&#8221;36&#8243;][x_feature_headline level=&#8221;h2&#8243; looks_like=&#8221;h1&#8243; icon=&#8221;check-square&#8221; icon_color=&#8221;hsl(245, 84%, 29%)&#8221; icon_bg_color=&#8221;hsl(0, 0%, 100%)&#8221; class=&#8221;cs-ta-center&#8221;][\/x_feature_headline][\/cs_element_column][\/cs_element_row][cs_element_row _id=&#8221;41&#8243;][cs_element_column _id=&#8221;42&#8243;][cs_text _order=&#8221;0&#8243;]<\/p>\n<h5 style=\"text-align: justify;\"><span style=\"color: #000000;\">Les centres de sant\u00e9 communautaire assument la responsabilit\u00e9 pour une population d\u00e9finie qui peut \u00eatre d\u00e9termin\u00e9e g\u00e9ographiquement ou peut \u00eatre d\u00e9finie par de groupes sp\u00e9cifiques.<\/span><\/h5>\n<p>[\/cs_text][\/cs_element_column][cs_element_column _id=&#8221;44&#8243;][cs_text _order=&#8221;0&#8243;]<\/p>\n<h5 style=\"text-align: justify;\"><span style=\"color: #000000;\">Les centres de sant\u00e9 communautaire s&#8217;engagent en faveur de l&#8217;\u00e9quit\u00e9 et de l&#8217;inclusion sociale et mettent l&#8217;accent sur l&#8217;acc\u00e8s aux soins de sant\u00e9 (en accordant une attention particuli\u00e8re aux plus vuln\u00e9rables).<\/span><\/h5>\n<p>[\/cs_text][\/cs_element_column][cs_element_column _id=&#8221;46&#8243;][cs_text _order=&#8221;0&#8243;]<\/p>\n<h5 style=\"text-align: justify;\"><span style=\"color: #000000;\">Les centres de sant\u00e9 communautaire contribuent \u00e0 la couverture universelle des services de sant\u00e9 et s&#8217;engagent fortement \u00e0 \u00eatre accessibles aux individus et aux familles, ind\u00e9pendamment de la race, de la religion, du statut social et d&#8217;autres facteurs, notamment la capacit\u00e9 de payer les soins.<\/span><\/h5>\n<p>[\/cs_text][\/cs_element_column][\/cs_element_row][\/cs_element_section][\/cs_content]<\/p>\n","protected":false},"excerpt":{"rendered":"<p>[cs_content][cs_element_section _id=&#8221;1&#8243;][cs_element_row _id=&#8221;2&#8243;][cs_element_column _id=&#8221;3&#8243;]&nbsp;[\/cs_element_column][cs_element_column _id=&#8221;4&#8243;][cs_element_text _id=&#8221;5&#8243;][\/cs_element_column][cs_element_column _id=&#8221;6&#8243;]&nbsp;[\/cs_element_column][\/cs_element_row][\/cs_element_section][cs_element_section _id=&#8221;10&#8243;][cs_element_row _id=&#8221;11&#8243;][cs_element_column _id=&#8221;12&#8243;][x_feature_headline level=&#8221;h2&#8243; looks_like=&#8221;h1&#8243; icon=&#8221;check-square&#8221; icon_color=&#8221;hsl(245, 84%, 29%)&#8221; icon_bg_color=&#8221;hsl(0, 0%, 100%)&#8221; class=&#8221;cs-ta-center&#8221;][\/x_feature_headline][\/cs_element_column][cs_element_column _id=&#8221;14&#8243;][x_feature_headline level=&#8221;h2&#8243; looks_like=&#8221;h1&#8243; icon=&#8221;check-square&#8221; icon_color=&#8221;hsl(245, 84%, 29%)&#8221; icon_bg_color=&#8221;hsl(0, 0%, 100%)&#8221; class=&#8221;cs-ta-center&#8221;][\/x_feature_headline][\/cs_element_column][cs_element_column _id=&#8221;16&#8243;][x_feature_headline level=&#8221;h2&#8243; looks_like=&#8221;h1&#8243; icon=&#8221;check-square&#8221; icon_color=&#8221;hsl(245, 84%, 29%)&#8221; icon_bg_color=&#8221;hsl(0, 0%, 100%)&#8221; class=&#8221;cs-ta-center&#8221;][\/x_feature_headline][\/cs_element_column][\/cs_element_row][cs_element_row _id=&#8221;21&#8243;][cs_element_column _id=&#8221;22&#8243;][cs_text _order=&#8221;0&#8243;] Les centres de sant\u00e9 communautaire offrent des soins de sant\u00e9 primaires complets gr\u00e2ce \u00e0 une [&hellip;]<\/p>\n","protected":false},"author":1,"featured_media":0,"parent":0,"menu_order":0,"comment_status":"open","ping_status":"open","template":"","meta":{"_bbp_topic_count":0,"_bbp_reply_count":0,"_bbp_total_topic_count":0,"_bbp_total_reply_count":0,"_bbp_voice_count":0,"_bbp_anonymous_reply_count":0,"_bbp_topic_count_hidden":0,"_bbp_reply_count_hidden":0,"_bbp_forum_subforum_count":0,"footnotes":""},"class_list":["post-187","page","type-page","status-publish","hentry"],"yoast_head":"<!-- This site is optimized with the Yoast SEO plugin v26.9 - https:\/\/yoast.com\/product\/yoast-seo-wordpress\/ -->\n<title>Que sont les CSC? - IFCHC<\/title>\n<meta name=\"robots\" content=\"index, follow, max-snippet:-1, max-image-preview:large, max-video-preview:-1\" \/>\n<link rel=\"canonical\" href=\"https:\/\/www.ifchc.org\/fr\/que-sont-les-csc\/\" \/>\n<meta property=\"og:locale\" content=\"fr_FR\" \/>\n<meta property=\"og:type\" content=\"article\" \/>\n<meta property=\"og:title\" content=\"Que sont les CSC? - IFCHC\" \/>\n<meta property=\"og:description\" content=\"[cs_content][cs_element_section _id=&#8221;1&#8243;][cs_element_row _id=&#8221;2&#8243;][cs_element_column _id=&#8221;3&#8243;]&nbsp;[\/cs_element_column][cs_element_column _id=&#8221;4&#8243;][cs_element_text _id=&#8221;5&#8243;][\/cs_element_column][cs_element_column _id=&#8221;6&#8243;]&nbsp;[\/cs_element_column][\/cs_element_row][\/cs_element_section][cs_element_section _id=&#8221;10&#8243;][cs_element_row _id=&#8221;11&#8243;][cs_element_column _id=&#8221;12&#8243;][x_feature_headline level=&#8221;h2&#8243; looks_like=&#8221;h1&#8243; icon=&#8221;check-square&#8221; icon_color=&#8221;hsl(245, 84%, 29%)&#8221; icon_bg_color=&#8221;hsl(0, 0%, 100%)&#8221; class=&#8221;cs-ta-center&#8221;][\/x_feature_headline][\/cs_element_column][cs_element_column _id=&#8221;14&#8243;][x_feature_headline level=&#8221;h2&#8243; looks_like=&#8221;h1&#8243; icon=&#8221;check-square&#8221; icon_color=&#8221;hsl(245, 84%, 29%)&#8221; icon_bg_color=&#8221;hsl(0, 0%, 100%)&#8221; class=&#8221;cs-ta-center&#8221;][\/x_feature_headline][\/cs_element_column][cs_element_column _id=&#8221;16&#8243;][x_feature_headline level=&#8221;h2&#8243; looks_like=&#8221;h1&#8243; icon=&#8221;check-square&#8221; icon_color=&#8221;hsl(245, 84%, 29%)&#8221; icon_bg_color=&#8221;hsl(0, 0%, 100%)&#8221; class=&#8221;cs-ta-center&#8221;][\/x_feature_headline][\/cs_element_column][\/cs_element_row][cs_element_row _id=&#8221;21&#8243;][cs_element_column _id=&#8221;22&#8243;][cs_text _order=&#8221;0&#8243;] Les centres de sant\u00e9 communautaire offrent des soins de sant\u00e9 primaires complets gr\u00e2ce \u00e0 une [&hellip;]\" \/>\n<meta property=\"og:url\" content=\"https:\/\/www.ifchc.org\/fr\/que-sont-les-csc\/\" \/>\n<meta property=\"og:site_name\" content=\"IFCHC\" \/>\n<meta property=\"article:modified_time\" content=\"2017-11-20T15:08:29+00:00\" \/>\n<meta name=\"twitter:card\" content=\"summary_large_image\" \/>\n<meta name=\"twitter:label1\" content=\"Dur\u00e9e de lecture estim\u00e9e\" \/>\n\t<meta name=\"twitter:data1\" content=\"3 minutes\" \/>\n<script type=\"application\/ld+json\" class=\"yoast-schema-graph\">{\"@context\":\"https:\/\/schema.org\",\"@graph\":[{\"@type\":\"WebPage\",\"@id\":\"https:\/\/www.ifchc.org\/fr\/que-sont-les-csc\/\",\"url\":\"https:\/\/www.ifchc.org\/fr\/que-sont-les-csc\/\",\"name\":\"Que sont les CSC? - IFCHC\",\"isPartOf\":{\"@id\":\"https:\/\/www.ifchc.org\/#website\"},\"datePublished\":\"2013-07-22T15:19:51+00:00\",\"dateModified\":\"2017-11-20T15:08:29+00:00\",\"breadcrumb\":{\"@id\":\"https:\/\/www.ifchc.org\/fr\/que-sont-les-csc\/#breadcrumb\"},\"inLanguage\":\"fr-FR\",\"potentialAction\":[{\"@type\":\"ReadAction\",\"target\":[\"https:\/\/www.ifchc.org\/fr\/que-sont-les-csc\/\"]}]},{\"@type\":\"BreadcrumbList\",\"@id\":\"https:\/\/www.ifchc.org\/fr\/que-sont-les-csc\/#breadcrumb\",\"itemListElement\":[{\"@type\":\"ListItem\",\"position\":1,\"name\":\"Home\",\"item\":\"https:\/\/www.ifchc.org\/fr\/\"},{\"@type\":\"ListItem\",\"position\":2,\"name\":\"Que sont les CSC?\"}]},{\"@type\":\"WebSite\",\"@id\":\"https:\/\/www.ifchc.org\/#website\",\"url\":\"https:\/\/www.ifchc.org\/\",\"name\":\"IFCHC\",\"description\":\"International Federation of Community Health Centres\",\"potentialAction\":[{\"@type\":\"SearchAction\",\"target\":{\"@type\":\"EntryPoint\",\"urlTemplate\":\"https:\/\/www.ifchc.org\/?s={search_term_string}\"},\"query-input\":{\"@type\":\"PropertyValueSpecification\",\"valueRequired\":true,\"valueName\":\"search_term_string\"}}],\"inLanguage\":\"fr-FR\"}]}<\/script>\n<!-- \/ Yoast SEO plugin. -->","yoast_head_json":{"title":"Que sont les CSC? - IFCHC","robots":{"index":"index","follow":"follow","max-snippet":"max-snippet:-1","max-image-preview":"max-image-preview:large","max-video-preview":"max-video-preview:-1"},"canonical":"https:\/\/www.ifchc.org\/fr\/que-sont-les-csc\/","og_locale":"fr_FR","og_type":"article","og_title":"Que sont les CSC? - IFCHC","og_description":"[cs_content][cs_element_section _id=&#8221;1&#8243;][cs_element_row _id=&#8221;2&#8243;][cs_element_column _id=&#8221;3&#8243;]&nbsp;[\/cs_element_column][cs_element_column _id=&#8221;4&#8243;][cs_element_text _id=&#8221;5&#8243;][\/cs_element_column][cs_element_column _id=&#8221;6&#8243;]&nbsp;[\/cs_element_column][\/cs_element_row][\/cs_element_section][cs_element_section _id=&#8221;10&#8243;][cs_element_row _id=&#8221;11&#8243;][cs_element_column _id=&#8221;12&#8243;][x_feature_headline level=&#8221;h2&#8243; looks_like=&#8221;h1&#8243; icon=&#8221;check-square&#8221; icon_color=&#8221;hsl(245, 84%, 29%)&#8221; icon_bg_color=&#8221;hsl(0, 0%, 100%)&#8221; class=&#8221;cs-ta-center&#8221;][\/x_feature_headline][\/cs_element_column][cs_element_column _id=&#8221;14&#8243;][x_feature_headline level=&#8221;h2&#8243; looks_like=&#8221;h1&#8243; icon=&#8221;check-square&#8221; icon_color=&#8221;hsl(245, 84%, 29%)&#8221; icon_bg_color=&#8221;hsl(0, 0%, 100%)&#8221; class=&#8221;cs-ta-center&#8221;][\/x_feature_headline][\/cs_element_column][cs_element_column _id=&#8221;16&#8243;][x_feature_headline level=&#8221;h2&#8243; looks_like=&#8221;h1&#8243; icon=&#8221;check-square&#8221; icon_color=&#8221;hsl(245, 84%, 29%)&#8221; icon_bg_color=&#8221;hsl(0, 0%, 100%)&#8221; class=&#8221;cs-ta-center&#8221;][\/x_feature_headline][\/cs_element_column][\/cs_element_row][cs_element_row _id=&#8221;21&#8243;][cs_element_column _id=&#8221;22&#8243;][cs_text _order=&#8221;0&#8243;] Les centres de sant\u00e9 communautaire offrent des soins de sant\u00e9 primaires complets gr\u00e2ce \u00e0 une [&hellip;]","og_url":"https:\/\/www.ifchc.org\/fr\/que-sont-les-csc\/","og_site_name":"IFCHC","article_modified_time":"2017-11-20T15:08:29+00:00","twitter_card":"summary_large_image","twitter_misc":{"Dur\u00e9e de lecture estim\u00e9e":"3 minutes"},"schema":{"@context":"https:\/\/schema.org","@graph":[{"@type":"WebPage","@id":"https:\/\/www.ifchc.org\/fr\/que-sont-les-csc\/","url":"https:\/\/www.ifchc.org\/fr\/que-sont-les-csc\/","name":"Que sont les CSC? - IFCHC","isPartOf":{"@id":"https:\/\/www.ifchc.org\/#website"},"datePublished":"2013-07-22T15:19:51+00:00","dateModified":"2017-11-20T15:08:29+00:00","breadcrumb":{"@id":"https:\/\/www.ifchc.org\/fr\/que-sont-les-csc\/#breadcrumb"},"inLanguage":"fr-FR","potentialAction":[{"@type":"ReadAction","target":["https:\/\/www.ifchc.org\/fr\/que-sont-les-csc\/"]}]},{"@type":"BreadcrumbList","@id":"https:\/\/www.ifchc.org\/fr\/que-sont-les-csc\/#breadcrumb","itemListElement":[{"@type":"ListItem","position":1,"name":"Home","item":"https:\/\/www.ifchc.org\/fr\/"},{"@type":"ListItem","position":2,"name":"Que sont les CSC?"}]},{"@type":"WebSite","@id":"https:\/\/www.ifchc.org\/#website","url":"https:\/\/www.ifchc.org\/","name":"IFCHC","description":"International Federation of Community Health Centres","potentialAction":[{"@type":"SearchAction","target":{"@type":"EntryPoint","urlTemplate":"https:\/\/www.ifchc.org\/?s={search_term_string}"},"query-input":{"@type":"PropertyValueSpecification","valueRequired":true,"valueName":"search_term_string"}}],"inLanguage":"fr-FR"}]}},"_links":{"self":[{"href":"https:\/\/www.ifchc.org\/fr\/wp-json\/wp\/v2\/pages\/187","targetHints":{"allow":["GET"]}}],"collection":[{"href":"https:\/\/www.ifchc.org\/fr\/wp-json\/wp\/v2\/pages"}],"about":[{"href":"https:\/\/www.ifchc.org\/fr\/wp-json\/wp\/v2\/types\/page"}],"author":[{"embeddable":true,"href":"https:\/\/www.ifchc.org\/fr\/wp-json\/wp\/v2\/users\/1"}],"replies":[{"embeddable":true,"href":"https:\/\/www.ifchc.org\/fr\/wp-json\/wp\/v2\/comments?post=187"}],"version-history":[{"count":0,"href":"https:\/\/www.ifchc.org\/fr\/wp-json\/wp\/v2\/pages\/187\/revisions"}],"wp:attachment":[{"href":"https:\/\/www.ifchc.org\/fr\/wp-json\/wp\/v2\/media?parent=187"}],"curies":[{"name":"wp","href":"https:\/\/api.w.org\/{rel}","templated":true}]}}