{"id":1479,"date":"2017-11-13T14:17:04","date_gmt":"2017-11-13T14:17:04","guid":{"rendered":"http:\/\/www.ifchc.org\/?page_id=1479\/"},"modified":"2018-06-04T15:11:05","modified_gmt":"2018-06-04T15:11:05","slug":"carrefour","status":"publish","type":"page","link":"https:\/\/www.ifchc.org\/fr\/carrefour\/","title":{"rendered":"Carrefour FICSC"},"content":{"rendered":"<p>[cs_content][cs_element_section _id=&#8221;1&#8243; ][cs_element_row _id=&#8221;2&#8243; ][cs_element_column _id=&#8221;3&#8243; ][x_custom_headline level=&#8221;h2&#8243; looks_like=&#8221;h2&#8243; accent=&#8221;false&#8221; class=&#8221;cs-ta-center&#8221; style=&#8221;color: hsl(0, 0%, 0%);&#8221;]Carrefour FICSC[\/x_custom_headline][\/cs_element_column][\/cs_element_row][cs_element_row _id=&#8221;10&#8243; ][cs_element_column _id=&#8221;11&#8243; ]&nbsp;[\/cs_element_column][cs_element_column _id=&#8221;12&#8243; ][cs_text _order=&#8221;0&#8243;]<\/p>\n<p style=\"text-align: justify;\">Le carrefour du FICSC est un espace de r\u00e9seautage et d&#8217;\u00e9change de ressources pour le personnel et les membres des conseils administratifs des centres de sant\u00e9 communautaire partout au, ainsi que pour les partisans et les alli\u00e9s.<\/p>\n<p>[\/cs_text][\/cs_element_column][cs_element_column _id=&#8221;14&#8243; ]&nbsp;[\/cs_element_column][\/cs_element_row][\/cs_element_section][cs_element_section _id=&#8221;18&#8243; ][cs_element_row _id=&#8221;19&#8243; ][cs_element_column _id=&#8221;20&#8243; ][cs_text _order=&#8221;0&#8243;][ultimatemember form_id=1258][\/cs_text][\/cs_element_column][cs_element_column _id=&#8221;22&#8243; ][cs_icon_list _order=&#8221;0&#8243;][cs_icon_list_item title=&#8221;R\u00e9pertoire de participants&#8221; type=&#8221;group&#8221; icon_color=&#8221;hsl(0, 0%, 0%)&#8221; link_enabled=&#8221;true&#8221; link_url=&#8221;http:\/\/www.ifchc.org\/fr\/carrefour\/participants\/&#8221; link_new_tab=&#8221;false&#8221;]R\u00e9pertoire de participants[\/cs_icon_list_item][cs_icon_list_item title=&#8221;Forums de discussion&#8221; type=&#8221;comments-o&#8221; icon_color=&#8221;hsl(0, 0%, 0%)&#8221; link_enabled=&#8221;true&#8221; link_url=&#8221;http:\/\/www.ifchc.org\/fr\/carrefour\/forums\/&#8221; link_new_tab=&#8221;false&#8221;]Forums de discussion[\/cs_icon_list_item][cs_icon_list_item title=&#8221;R\u00e9pertoire des innovations&#8221; type=&#8221;flag&#8221; link_enabled=&#8221;true&#8221; link_url=&#8221;http:\/\/www.ifchc.org\/fr\/carrefour\/innovations\/&#8221; link_new_tab=&#8221;false&#8221;]R\u00e9pertoire des innovations[\/cs_icon_list_item][\/cs_icon_list][\/cs_element_column][cs_element_column _id=&#8221;27&#8243; ][x_gap size=&#8221;20px&#8221;][cs_icon_list _order=&#8221;0&#8243;][cs_icon_list_item title=&#8221; Soumettre une innovation&#8221; type=&#8221;edit&#8221; icon_color=&#8221;hsl(0, 0%, 0%)&#8221; link_enabled=&#8221;false&#8221; link_url=&#8221;http:\/\/www.ifchc.org\/fr\/carrefour\/participants\/&#8221; link_new_tab=&#8221;false&#8221;] Soumettre une innovation[\/cs_icon_list_item][cs_icon_list_item title=&#8221;Afficher des recherches \u00e9valu\u00e9es par des pairs&#8221; type=&#8221;edit&#8221; icon_color=&#8221;hsl(0, 0%, 0%)&#8221; link_enabled=&#8221;true&#8221; link_url=&#8221;http:\/\/www.ifchc.org\/fr\/carrefour\/soumettre-de-la-recherche-evaluee-par-les-pairs\/&#8221; link_new_tab=&#8221;false&#8221;]Afficher des recherches \u00e9valu\u00e9es par des pairs[\/cs_icon_list_item][\/cs_icon_list][\/cs_element_column][\/cs_element_row][\/cs_element_section][\/cs_content]<\/p>\n","protected":false},"excerpt":{"rendered":"<p>[cs_content][cs_element_section _id=&#8221;1&#8243; ][cs_element_row _id=&#8221;2&#8243; ][cs_element_column _id=&#8221;3&#8243; ][x_custom_headline level=&#8221;h2&#8243; looks_like=&#8221;h2&#8243; accent=&#8221;false&#8221; class=&#8221;cs-ta-center&#8221; style=&#8221;color: hsl(0, 0%, 0%);&#8221;]Carrefour FICSC[\/x_custom_headline][\/cs_element_column][\/cs_element_row][cs_element_row _id=&#8221;10&#8243; ][cs_element_column _id=&#8221;11&#8243; ]&nbsp;[\/cs_element_column][cs_element_column _id=&#8221;12&#8243; ][cs_text _order=&#8221;0&#8243;] Le carrefour du FICSC est un espace de r\u00e9seautage et d&#8217;\u00e9change de ressources pour le personnel et les membres des conseils administratifs des centres de sant\u00e9 communautaire partout au, ainsi que pour les partisans et les alli\u00e9s. [&hellip;]<\/p>\n","protected":false},"author":3,"featured_media":0,"parent":0,"menu_order":0,"comment_status":"closed","ping_status":"closed","template":"","meta":{"_bbp_topic_count":0,"_bbp_reply_count":0,"_bbp_total_topic_count":0,"_bbp_total_reply_count":0,"_bbp_voice_count":0,"_bbp_anonymous_reply_count":0,"_bbp_topic_count_hidden":0,"_bbp_reply_count_hidden":0,"_bbp_forum_subforum_count":0,"footnotes":""},"class_list":["post-1479","page","type-page","status-publish","hentry"],"yoast_head":"<!-- This site is optimized with the Yoast SEO plugin v26.9 - https:\/\/yoast.com\/product\/yoast-seo-wordpress\/ -->\n<title>Carrefour FICSC - IFCHC<\/title>\n<meta name=\"robots\" content=\"index, follow, max-snippet:-1, max-image-preview:large, max-video-preview:-1\" \/>\n<link rel=\"canonical\" href=\"https:\/\/www.ifchc.org\/fr\/carrefour\/\" \/>\n<meta property=\"og:locale\" content=\"fr_FR\" \/>\n<meta property=\"og:type\" content=\"article\" \/>\n<meta property=\"og:title\" content=\"Carrefour FICSC - IFCHC\" \/>\n<meta property=\"og:description\" content=\"[cs_content][cs_element_section _id=&#8221;1&#8243; ][cs_element_row _id=&#8221;2&#8243; ][cs_element_column _id=&#8221;3&#8243; ][x_custom_headline level=&#8221;h2&#8243; looks_like=&#8221;h2&#8243; accent=&#8221;false&#8221; class=&#8221;cs-ta-center&#8221; style=&#8221;color: hsl(0, 0%, 0%);&#8221;]Carrefour FICSC[\/x_custom_headline][\/cs_element_column][\/cs_element_row][cs_element_row _id=&#8221;10&#8243; ][cs_element_column _id=&#8221;11&#8243; ]&nbsp;[\/cs_element_column][cs_element_column _id=&#8221;12&#8243; ][cs_text _order=&#8221;0&#8243;] Le carrefour du FICSC est un espace de r\u00e9seautage et d&#8217;\u00e9change de ressources pour le personnel et les membres des conseils administratifs des centres de sant\u00e9 communautaire partout au, ainsi que pour les partisans et les alli\u00e9s. [&hellip;]\" \/>\n<meta property=\"og:url\" content=\"https:\/\/www.ifchc.org\/fr\/carrefour\/\" \/>\n<meta property=\"og:site_name\" content=\"IFCHC\" \/>\n<meta property=\"article:modified_time\" content=\"2018-06-04T15:11:05+00:00\" \/>\n<meta name=\"twitter:card\" content=\"summary_large_image\" \/>\n<meta name=\"twitter:label1\" content=\"Dur\u00e9e de lecture estim\u00e9e\" \/>\n\t<meta name=\"twitter:data1\" content=\"2 minutes\" \/>\n<script type=\"application\/ld+json\" class=\"yoast-schema-graph\">{\"@context\":\"https:\/\/schema.org\",\"@graph\":[{\"@type\":\"WebPage\",\"@id\":\"https:\/\/www.ifchc.org\/fr\/carrefour\/\",\"url\":\"https:\/\/www.ifchc.org\/fr\/carrefour\/\",\"name\":\"Carrefour FICSC - IFCHC\",\"isPartOf\":{\"@id\":\"https:\/\/www.ifchc.org\/#website\"},\"datePublished\":\"2017-11-13T14:17:04+00:00\",\"dateModified\":\"2018-06-04T15:11:05+00:00\",\"breadcrumb\":{\"@id\":\"https:\/\/www.ifchc.org\/fr\/carrefour\/#breadcrumb\"},\"inLanguage\":\"fr-FR\",\"potentialAction\":[{\"@type\":\"ReadAction\",\"target\":[\"https:\/\/www.ifchc.org\/fr\/carrefour\/\"]}]},{\"@type\":\"BreadcrumbList\",\"@id\":\"https:\/\/www.ifchc.org\/fr\/carrefour\/#breadcrumb\",\"itemListElement\":[{\"@type\":\"ListItem\",\"position\":1,\"name\":\"Home\",\"item\":\"https:\/\/www.ifchc.org\/fr\/\"},{\"@type\":\"ListItem\",\"position\":2,\"name\":\"Carrefour FICSC\"}]},{\"@type\":\"WebSite\",\"@id\":\"https:\/\/www.ifchc.org\/#website\",\"url\":\"https:\/\/www.ifchc.org\/\",\"name\":\"IFCHC\",\"description\":\"International Federation of Community Health Centres\",\"potentialAction\":[{\"@type\":\"SearchAction\",\"target\":{\"@type\":\"EntryPoint\",\"urlTemplate\":\"https:\/\/www.ifchc.org\/?s={search_term_string}\"},\"query-input\":{\"@type\":\"PropertyValueSpecification\",\"valueRequired\":true,\"valueName\":\"search_term_string\"}}],\"inLanguage\":\"fr-FR\"}]}<\/script>\n<!-- \/ Yoast SEO plugin. -->","yoast_head_json":{"title":"Carrefour FICSC - IFCHC","robots":{"index":"index","follow":"follow","max-snippet":"max-snippet:-1","max-image-preview":"max-image-preview:large","max-video-preview":"max-video-preview:-1"},"canonical":"https:\/\/www.ifchc.org\/fr\/carrefour\/","og_locale":"fr_FR","og_type":"article","og_title":"Carrefour FICSC - IFCHC","og_description":"[cs_content][cs_element_section _id=&#8221;1&#8243; ][cs_element_row _id=&#8221;2&#8243; ][cs_element_column _id=&#8221;3&#8243; ][x_custom_headline level=&#8221;h2&#8243; looks_like=&#8221;h2&#8243; accent=&#8221;false&#8221; class=&#8221;cs-ta-center&#8221; style=&#8221;color: hsl(0, 0%, 0%);&#8221;]Carrefour FICSC[\/x_custom_headline][\/cs_element_column][\/cs_element_row][cs_element_row _id=&#8221;10&#8243; ][cs_element_column _id=&#8221;11&#8243; ]&nbsp;[\/cs_element_column][cs_element_column _id=&#8221;12&#8243; ][cs_text _order=&#8221;0&#8243;] Le carrefour du FICSC est un espace de r\u00e9seautage et d&#8217;\u00e9change de ressources pour le personnel et les membres des conseils administratifs des centres de sant\u00e9 communautaire partout au, ainsi que pour les partisans et les alli\u00e9s. [&hellip;]","og_url":"https:\/\/www.ifchc.org\/fr\/carrefour\/","og_site_name":"IFCHC","article_modified_time":"2018-06-04T15:11:05+00:00","twitter_card":"summary_large_image","twitter_misc":{"Dur\u00e9e de lecture estim\u00e9e":"2 minutes"},"schema":{"@context":"https:\/\/schema.org","@graph":[{"@type":"WebPage","@id":"https:\/\/www.ifchc.org\/fr\/carrefour\/","url":"https:\/\/www.ifchc.org\/fr\/carrefour\/","name":"Carrefour FICSC - IFCHC","isPartOf":{"@id":"https:\/\/www.ifchc.org\/#website"},"datePublished":"2017-11-13T14:17:04+00:00","dateModified":"2018-06-04T15:11:05+00:00","breadcrumb":{"@id":"https:\/\/www.ifchc.org\/fr\/carrefour\/#breadcrumb"},"inLanguage":"fr-FR","potentialAction":[{"@type":"ReadAction","target":["https:\/\/www.ifchc.org\/fr\/carrefour\/"]}]},{"@type":"BreadcrumbList","@id":"https:\/\/www.ifchc.org\/fr\/carrefour\/#breadcrumb","itemListElement":[{"@type":"ListItem","position":1,"name":"Home","item":"https:\/\/www.ifchc.org\/fr\/"},{"@type":"ListItem","position":2,"name":"Carrefour FICSC"}]},{"@type":"WebSite","@id":"https:\/\/www.ifchc.org\/#website","url":"https:\/\/www.ifchc.org\/","name":"IFCHC","description":"International Federation of Community Health Centres","potentialAction":[{"@type":"SearchAction","target":{"@type":"EntryPoint","urlTemplate":"https:\/\/www.ifchc.org\/?s={search_term_string}"},"query-input":{"@type":"PropertyValueSpecification","valueRequired":true,"valueName":"search_term_string"}}],"inLanguage":"fr-FR"}]}},"_links":{"self":[{"href":"https:\/\/www.ifchc.org\/fr\/wp-json\/wp\/v2\/pages\/1479","targetHints":{"allow":["GET"]}}],"collection":[{"href":"https:\/\/www.ifchc.org\/fr\/wp-json\/wp\/v2\/pages"}],"about":[{"href":"https:\/\/www.ifchc.org\/fr\/wp-json\/wp\/v2\/types\/page"}],"author":[{"embeddable":true,"href":"https:\/\/www.ifchc.org\/fr\/wp-json\/wp\/v2\/users\/3"}],"replies":[{"embeddable":true,"href":"https:\/\/www.ifchc.org\/fr\/wp-json\/wp\/v2\/comments?post=1479"}],"version-history":[{"count":0,"href":"https:\/\/www.ifchc.org\/fr\/wp-json\/wp\/v2\/pages\/1479\/revisions"}],"wp:attachment":[{"href":"https:\/\/www.ifchc.org\/fr\/wp-json\/wp\/v2\/media?parent=1479"}],"curies":[{"name":"wp","href":"https:\/\/api.w.org\/{rel}","templated":true}]}}